{"id":18,"date":"2018-08-20T11:05:55","date_gmt":"2018-08-20T11:05:55","guid":{"rendered":"https:\/\/www.vilkasviikko.fi\/2020\/?page_id=18"},"modified":"2020-09-30T13:10:37","modified_gmt":"2020-09-30T10:10:37","slug":"home","status":"publish","type":"page","link":"https:\/\/dev-vilkasviikko.web2.osg.fi\/2021\/","title":{"rendered":"Vilkas"},"content":{"rendered":"","protected":false},"excerpt":{"rendered":"","protected":false},"author":2,"featured_media":0,"parent":0,"menu_order":-1,"comment_status":"closed","ping_status":"closed","template":"page-templates\/no-sidebar.php","meta":[],"acf":[],"yoast_head":"<!-- This site is optimized with the Yoast SEO plugin v18.7 - https:\/\/yoast.com\/wordpress\/plugins\/seo\/ -->\n<title>Vilkas-viikko 2021 - Nautitaan yhdess\u00e4 ruokaa Suomesta<\/title>\n<meta name=\"description\" content=\"Oppilas- ja lounasravintoloiden ammattilaiset nostamaan tietoisuutta vastuullisesti tuotetuista raaka-aineista ja niiden alkuper\u00e4st\u00e4. Vilkas-viikon keitti\u00f6ille tarjotaan runsas reseptiikka ja sympaattiset Pelle Pel\u00e4tti -ruokalasomisteet.\" \/>\n<meta name=\"robots\" content=\"noindex, follow, max-snippet:-1, max-image-preview:large, max-video-preview:-1\" \/>\n<meta property=\"og:locale\" content=\"fi_FI\" \/>\n<meta property=\"og:type\" content=\"article\" \/>\n<meta property=\"og:title\" content=\"Vilkas-viikko 2021 - Nautitaan yhdess\u00e4 ruokaa Suomesta\" \/>\n<meta property=\"og:description\" content=\"Oppilas- ja lounasravintoloiden ammattilaiset nostamaan tietoisuutta vastuullisesti tuotetuista raaka-aineista ja niiden alkuper\u00e4st\u00e4. Vilkas-viikon keitti\u00f6ille tarjotaan runsas reseptiikka ja sympaattiset Pelle Pel\u00e4tti -ruokalasomisteet.\" \/>\n<meta property=\"og:url\" content=\"https:\/\/dev-vilkasviikko.web2.osg.fi\/2021\/\" \/>\n<meta property=\"og:site_name\" content=\"Vilkas 2021\" \/>\n<meta property=\"article:modified_time\" content=\"2020-09-30T10:10:37+00:00\" \/>\n<meta property=\"og:image\" content=\"https:\/\/dev-vilkasviikko.web2.osg.fi\/2021\/wp-content\/uploads\/sites\/5\/2019\/10\/Vilkas_jakokuva_1200x630px.jpeg\" \/>\n\t<meta property=\"og:image:width\" content=\"640\" \/>\n\t<meta property=\"og:image:height\" content=\"336\" \/>\n\t<meta property=\"og:image:type\" content=\"image\/jpeg\" \/>\n<meta name=\"twitter:card\" content=\"summary_large_image\" \/>\n<script type=\"application\/ld+json\" class=\"yoast-schema-graph\">{\"@context\":\"https:\/\/schema.org\",\"@graph\":[{\"@type\":\"WebSite\",\"@id\":\"https:\/\/dev-vilkasviikko.web2.osg.fi\/2021\/#website\",\"url\":\"https:\/\/dev-vilkasviikko.web2.osg.fi\/2021\/\",\"name\":\"Vilkas 2021\",\"description\":\"Apetit ja Atria kutsuvat oppilas- ja lounasravintoloiden ammattilaiset nostamaan tietoisuutta vastuullisesti tuotetuista raaka-aineista ja niiden alkuper\u00e4st\u00e4. Vilkas-viikon keitti\u00f6ille tarjotaan runsas reseptiikka ja sympaattiset Pelle Pel\u00e4tti -ruokalasomisteet.\",\"potentialAction\":[{\"@type\":\"SearchAction\",\"target\":{\"@type\":\"EntryPoint\",\"urlTemplate\":\"https:\/\/dev-vilkasviikko.web2.osg.fi\/2021\/?s={search_term_string}\"},\"query-input\":\"required name=search_term_string\"}],\"inLanguage\":\"fi\"},{\"@type\":\"WebPage\",\"@id\":\"https:\/\/dev-vilkasviikko.web2.osg.fi\/2021\/#webpage\",\"url\":\"https:\/\/dev-vilkasviikko.web2.osg.fi\/2021\/\",\"name\":\"Vilkas-viikko 2021 - Nautitaan yhdess\u00e4 ruokaa Suomesta\",\"isPartOf\":{\"@id\":\"https:\/\/dev-vilkasviikko.web2.osg.fi\/2021\/#website\"},\"datePublished\":\"2018-08-20T11:05:55+00:00\",\"dateModified\":\"2020-09-30T10:10:37+00:00\",\"description\":\"Oppilas- ja lounasravintoloiden ammattilaiset nostamaan tietoisuutta vastuullisesti tuotetuista raaka-aineista ja niiden alkuper\u00e4st\u00e4. Vilkas-viikon keitti\u00f6ille tarjotaan runsas reseptiikka ja sympaattiset Pelle Pel\u00e4tti -ruokalasomisteet.\",\"breadcrumb\":{\"@id\":\"https:\/\/dev-vilkasviikko.web2.osg.fi\/2021\/#breadcrumb\"},\"inLanguage\":\"fi\",\"potentialAction\":[{\"@type\":\"ReadAction\",\"target\":[\"https:\/\/dev-vilkasviikko.web2.osg.fi\/2021\/\"]}]},{\"@type\":\"BreadcrumbList\",\"@id\":\"https:\/\/dev-vilkasviikko.web2.osg.fi\/2021\/#breadcrumb\",\"itemListElement\":[{\"@type\":\"ListItem\",\"position\":1,\"name\":\"Home\",\"item\":\"https:\/\/dev-vilkasviikko.web2.osg.fi\/2021\/\"},{\"@type\":\"ListItem\",\"position\":2,\"name\":\"Vilkas\"}]}]}<\/script>\n<!-- \/ Yoast SEO plugin. -->","yoast_head_json":{"title":"Vilkas-viikko 2021 - Nautitaan yhdess\u00e4 ruokaa Suomesta","description":"Oppilas- ja lounasravintoloiden ammattilaiset nostamaan tietoisuutta vastuullisesti tuotetuista raaka-aineista ja niiden alkuper\u00e4st\u00e4. Vilkas-viikon keitti\u00f6ille tarjotaan runsas reseptiikka ja sympaattiset Pelle Pel\u00e4tti -ruokalasomisteet.","robots":{"index":"noindex","follow":"follow","max-snippet":"max-snippet:-1","max-image-preview":"max-image-preview:large","max-video-preview":"max-video-preview:-1"},"og_locale":"fi_FI","og_type":"article","og_title":"Vilkas-viikko 2021 - Nautitaan yhdess\u00e4 ruokaa Suomesta","og_description":"Oppilas- ja lounasravintoloiden ammattilaiset nostamaan tietoisuutta vastuullisesti tuotetuista raaka-aineista ja niiden alkuper\u00e4st\u00e4. Vilkas-viikon keitti\u00f6ille tarjotaan runsas reseptiikka ja sympaattiset Pelle Pel\u00e4tti -ruokalasomisteet.","og_url":"https:\/\/dev-vilkasviikko.web2.osg.fi\/2021\/","og_site_name":"Vilkas 2021","article_modified_time":"2020-09-30T10:10:37+00:00","og_image":[{"width":640,"height":336,"url":"https:\/\/dev-vilkasviikko.web2.osg.fi\/2021\/wp-content\/uploads\/sites\/5\/2019\/10\/Vilkas_jakokuva_1200x630px.jpeg","type":"image\/jpeg"}],"twitter_card":"summary_large_image","schema":{"@context":"https:\/\/schema.org","@graph":[{"@type":"WebSite","@id":"https:\/\/dev-vilkasviikko.web2.osg.fi\/2021\/#website","url":"https:\/\/dev-vilkasviikko.web2.osg.fi\/2021\/","name":"Vilkas 2021","description":"Apetit ja Atria kutsuvat oppilas- ja lounasravintoloiden ammattilaiset nostamaan tietoisuutta vastuullisesti tuotetuista raaka-aineista ja niiden alkuper\u00e4st\u00e4. Vilkas-viikon keitti\u00f6ille tarjotaan runsas reseptiikka ja sympaattiset Pelle Pel\u00e4tti -ruokalasomisteet.","potentialAction":[{"@type":"SearchAction","target":{"@type":"EntryPoint","urlTemplate":"https:\/\/dev-vilkasviikko.web2.osg.fi\/2021\/?s={search_term_string}"},"query-input":"required name=search_term_string"}],"inLanguage":"fi"},{"@type":"WebPage","@id":"https:\/\/dev-vilkasviikko.web2.osg.fi\/2021\/#webpage","url":"https:\/\/dev-vilkasviikko.web2.osg.fi\/2021\/","name":"Vilkas-viikko 2021 - Nautitaan yhdess\u00e4 ruokaa Suomesta","isPartOf":{"@id":"https:\/\/dev-vilkasviikko.web2.osg.fi\/2021\/#website"},"datePublished":"2018-08-20T11:05:55+00:00","dateModified":"2020-09-30T10:10:37+00:00","description":"Oppilas- ja lounasravintoloiden ammattilaiset nostamaan tietoisuutta vastuullisesti tuotetuista raaka-aineista ja niiden alkuper\u00e4st\u00e4. Vilkas-viikon keitti\u00f6ille tarjotaan runsas reseptiikka ja sympaattiset Pelle Pel\u00e4tti -ruokalasomisteet.","breadcrumb":{"@id":"https:\/\/dev-vilkasviikko.web2.osg.fi\/2021\/#breadcrumb"},"inLanguage":"fi","potentialAction":[{"@type":"ReadAction","target":["https:\/\/dev-vilkasviikko.web2.osg.fi\/2021\/"]}]},{"@type":"BreadcrumbList","@id":"https:\/\/dev-vilkasviikko.web2.osg.fi\/2021\/#breadcrumb","itemListElement":[{"@type":"ListItem","position":1,"name":"Home","item":"https:\/\/dev-vilkasviikko.web2.osg.fi\/2021\/"},{"@type":"ListItem","position":2,"name":"Vilkas"}]}]}},"_links":{"self":[{"href":"https:\/\/dev-vilkasviikko.web2.osg.fi\/2021\/wp-json\/wp\/v2\/pages\/18"}],"collection":[{"href":"https:\/\/dev-vilkasviikko.web2.osg.fi\/2021\/wp-json\/wp\/v2\/pages"}],"about":[{"href":"https:\/\/dev-vilkasviikko.web2.osg.fi\/2021\/wp-json\/wp\/v2\/types\/page"}],"author":[{"embeddable":true,"href":"https:\/\/dev-vilkasviikko.web2.osg.fi\/2021\/wp-json\/wp\/v2\/users\/2"}],"replies":[{"embeddable":true,"href":"https:\/\/dev-vilkasviikko.web2.osg.fi\/2021\/wp-json\/wp\/v2\/comments?post=18"}],"version-history":[{"count":146,"href":"https:\/\/dev-vilkasviikko.web2.osg.fi\/2021\/wp-json\/wp\/v2\/pages\/18\/revisions"}],"predecessor-version":[{"id":1963,"href":"https:\/\/dev-vilkasviikko.web2.osg.fi\/2021\/wp-json\/wp\/v2\/pages\/18\/revisions\/1963"}],"wp:attachment":[{"href":"https:\/\/dev-vilkasviikko.web2.osg.fi\/2021\/wp-json\/wp\/v2\/media?parent=18"}],"curies":[{"name":"wp","href":"https:\/\/api.w.org\/{rel}","templated":true}]}}